{"id":148,"date":"2013-10-09T09:52:02","date_gmt":"2013-10-09T07:52:02","guid":{"rendered":"http:\/\/www.eft-norikotrost.at\/wordpress\/?page_id=148"},"modified":"2025-01-27T14:14:48","modified_gmt":"2025-01-27T12:14:48","slug":"greetings","status":"publish","type":"page","link":"http:\/\/www.eft-norikotrost.at\/?page_id=148","title":{"rendered":"Greetings"},"content":{"rendered":"<p><a href=\"http:\/\/www.eft-norikotrost.at\/wp-content\/uploads\/image021.jpg\"><img loading=\"lazy\" decoding=\"async\" class=\"alignnone size-medium wp-image-954\" src=\"http:\/\/www.eft-norikotrost.at\/wp-content\/uploads\/image021-253x300.jpg\" alt=\"\" width=\"253\" height=\"300\" srcset=\"http:\/\/www.eft-norikotrost.at\/wp-content\/uploads\/image021-253x300.jpg 253w, http:\/\/www.eft-norikotrost.at\/wp-content\/uploads\/image021.jpg 505w\" sizes=\"(max-width: 253px) 100vw, 253px\" \/><\/a><!--:de--><\/p>\n<p align=\"LEFT\"><span style=\"color: #000000;\"><span style=\"font-family: Meiryo;\"><span style=\"font-size: medium;\">\u00a9 Irmgard Gruber<\/span><\/span><\/span><\/p>\n<h2 class=\"fontplugin_fontid_76884_centabel\"><em><span style=\"color: #10100f; font-size: 14pt; font-family: 'times new roman', times, serif;\">Hallo, mein Name ist Noriko Trost. Ich komme aus Japan. Ich bin allen Menschen dankbar, die mich in schwierigen Zeiten unterst\u00fctzt haben und mich auch heute noch unterst\u00fctzen. Mein ganzer Enthusiasmus ist es, dies den Menschen zur\u00fcckzugeben, die jetzt selber Unterst\u00fctzung brauchen. Ich h\u00e4tte es nicht geschafft, ohne die Hilfe anderer.<\/span><\/em><\/h2>\n<h2 class=\"fontplugin_fontid_76884_centabel\"><em><span style=\"color: #10100f; font-size: 14pt; font-family: 'times new roman', times, serif;\">Mit meinem mentalen Training werden Sie herausfinden, was Sie <span style=\"color: #ff00ff;\">JETZT<\/span> tun k\u00f6nnen, um Ihre Zukunft so zu gestalten, wie Sie es sich w\u00fcnschen.<\/span><\/em><\/h2>\n<h2 class=\"fontplugin_fontid_76884_centabel\"><em><span style=\"color: #10100f; font-size: 14pt; font-family: 'times new roman', times, serif;\">Sie k\u00f6nnen die T\u00fcr zu dem Ort Ihrer W\u00fcnsche \u00f6ffnen !<\/span><\/em><\/h2>\n<h2><em><span style=\"color: #10100f; font-size: 14pt; font-family: 'times new roman', times, serif;\"><span class=\"fontplugin_fontid_76884_centabel\">Denn den Schl\u00fcssel dazu haben S<\/span><\/span><span style=\"color: #10100f; font-size: 14pt; font-family: 'times new roman', times, serif;\"><span class=\"fontplugin_fontid_76884_centabel\">ie schon i<\/span><\/span><span style=\"color: #10100f; font-size: 14pt; font-family: 'times new roman', times, serif;\"><span class=\"fontplugin_fontid_76884_centabel\"><span class=\"fontplugin_fontid_76884_centabel\">n der <\/span>Hand \uff01<\/span><\/span><\/em><\/h2>\n<p>&#x1f449;<a href=\"http:\/\/www.eft-norikotrost.at\/?page_id=16\"><strong>\u00a0\u00dcber mich<\/strong><\/a><\/p>\n<p><!--:--><\/p>\n","protected":false},"excerpt":{"rendered":"<p>\u00a9 Irmgard Gruber Hallo, mein Name ist Noriko Trost. Ich komme aus Japan. Ich bin allen Menschen dankbar, die mich in schwierigen Zeiten unterst\u00fctzt haben und mich auch heute noch unterst\u00fctzen. Mein ganzer Enthusiasmus ist es, dies den Menschen zur\u00fcckzugeben, die jetzt selber Unterst\u00fctzung brauchen. Ich h\u00e4tte es nicht geschafft, ohne die Hilfe anderer. Mit &hellip; <\/p>\n","protected":false},"author":1,"featured_media":0,"parent":0,"menu_order":0,"comment_status":"closed","ping_status":"closed","template":"","meta":{"_themeisle_gutenberg_block_has_review":false,"footnotes":""},"aioseo_notices":[],"_links":{"self":[{"href":"http:\/\/www.eft-norikotrost.at\/index.php?rest_route=\/wp\/v2\/pages\/148"}],"collection":[{"href":"http:\/\/www.eft-norikotrost.at\/index.php?rest_route=\/wp\/v2\/pages"}],"about":[{"href":"http:\/\/www.eft-norikotrost.at\/index.php?rest_route=\/wp\/v2\/types\/page"}],"author":[{"embeddable":true,"href":"http:\/\/www.eft-norikotrost.at\/index.php?rest_route=\/wp\/v2\/users\/1"}],"replies":[{"embeddable":true,"href":"http:\/\/www.eft-norikotrost.at\/index.php?rest_route=%2Fwp%2Fv2%2Fcomments&post=148"}],"version-history":[{"count":50,"href":"http:\/\/www.eft-norikotrost.at\/index.php?rest_route=\/wp\/v2\/pages\/148\/revisions"}],"predecessor-version":[{"id":1864,"href":"http:\/\/www.eft-norikotrost.at\/index.php?rest_route=\/wp\/v2\/pages\/148\/revisions\/1864"}],"wp:attachment":[{"href":"http:\/\/www.eft-norikotrost.at\/index.php?rest_route=%2Fwp%2Fv2%2Fmedia&parent=148"}],"curies":[{"name":"wp","href":"https:\/\/api.w.org\/{rel}","templated":true}]}}