{"id":16,"date":"2013-10-08T08:21:49","date_gmt":"2013-10-08T06:21:49","guid":{"rendered":"http:\/\/www.eft-norikotrost.at\/wordpress\/?page_id=16"},"modified":"2025-01-27T13:30:29","modified_gmt":"2025-01-27T11:30:29","slug":"about-me","status":"publish","type":"page","link":"http:\/\/www.eft-norikotrost.at\/?page_id=16","title":{"rendered":"\u00dcber mich"},"content":{"rendered":"<p><span style=\"font-family: georgia, palatino, serif;\"><span style=\"font-size: 14pt;\">Ehemalige Mental\u00a0<\/span><\/span><span style=\"font-family: georgia, palatino, serif; font-size: large;\">Coach- Universit\u00e4t f\u00fcr Musik und darstellende Kunst Wien Gesang<\/span><\/p>\n<p><!--:de--><span style=\"font-family: georgia, palatino, serif;\"><span style=\"font-size: 14pt;\">Ehemalige Solot\u00e4nzerin der Ballettkompanie des Nieders\u00e4chsischen Staatstheaters Hannover<\/span><\/span><\/p>\n<p><span style=\"font-family: georgia, palatino, serif;\"><span style=\"font-size: 14pt;\">The Japanese Psychological Association certified Psychologist<\/span><\/span><\/p>\n<p><span style=\"font-family: georgia, palatino, serif;\"><span style=\"font-size: 14pt;\">Certified Coach<\/span><\/span><\/p>\n<p><span style=\"font-family: georgia, palatino, serif;\"><span style=\"color: #000000; font-size: 14pt;\">Certified Advanced EFT Practitioner<\/span><\/span><\/p>\n<p><span style=\"font-size: 14pt; font-family: georgia, palatino, serif;\">Dipl. Mentaltrainer<\/span><\/p>\n<p><span style=\"font-size: 14pt; font-family: georgia, palatino, serif;\">Certified expert in Sportpsychology<\/span><\/p>\n<p><span style=\"font-family: georgia, palatino, serif;\"><span style=\"font-size: 14pt;\">Bachelor degree in faculty of Psychology at Musashino University<\/span><\/span><\/p>\n<p><a href=\"http:\/\/www.eft-norikotrost.at\/wp-content\/uploads\/32244178_10155200244607234_8170699638781771776_n-1.jpg\"><img loading=\"lazy\" decoding=\"async\" class=\"alignnone size-medium wp-image-1095\" src=\"http:\/\/www.eft-norikotrost.at\/wp-content\/uploads\/32244178_10155200244607234_8170699638781771776_n-1-300x193.jpg\" alt=\"\" width=\"300\" height=\"193\" srcset=\"http:\/\/www.eft-norikotrost.at\/wp-content\/uploads\/32244178_10155200244607234_8170699638781771776_n-1-300x193.jpg 300w, http:\/\/www.eft-norikotrost.at\/wp-content\/uploads\/32244178_10155200244607234_8170699638781771776_n-1.jpg 509w\" sizes=\"(max-width: 300px) 100vw, 300px\" \/><\/a><a href=\"http:\/\/www.eft-norikotrost.at\/wp-content\/uploads\/Bildschirmfoto-2020-03-06-um-13.12.27-2.png\"><img loading=\"lazy\" decoding=\"async\" class=\"alignnone size-medium wp-image-1144\" src=\"http:\/\/www.eft-norikotrost.at\/wp-content\/uploads\/Bildschirmfoto-2020-03-06-um-13.12.27-2-215x300.png\" alt=\"\" width=\"215\" height=\"300\" srcset=\"http:\/\/www.eft-norikotrost.at\/wp-content\/uploads\/Bildschirmfoto-2020-03-06-um-13.12.27-2-215x300.png 215w, http:\/\/www.eft-norikotrost.at\/wp-content\/uploads\/Bildschirmfoto-2020-03-06-um-13.12.27-2.png 229w\" sizes=\"(max-width: 215px) 100vw, 215px\" \/><\/a><\/p>\n<div class=\"editor-block-mover is-visible\">\n<div class=\"editor-block-list__block-edit\">\n<div data-block=\"a2848464-706b-48ee-951f-d2695e723abe\">\n<figure class=\"wp-block-image is-focused\">\n<div class=\"components-resizable-box__container\"><\/div>\n<\/figure>\n<\/div>\n<\/div>\n<\/div>\n<p><a href=\"http:\/\/www.eft-norikotrost.at\/wordpress\/wp-content\/uploads\/32244178_10155200244607234_8170699638781771776_n-1.jpg\"><img loading=\"lazy\" decoding=\"async\" class=\"alignnone size-medium wp-image-1095\" src=\"http:\/\/www.eft-norikotrost.at\/wordpress\/wp-content\/uploads\/32244178_10155200244607234_8170699638781771776_n-1-300x193.jpg\" alt=\"\" width=\"300\" height=\"193\" srcset=\"http:\/\/www.eft-norikotrost.at\/wp-content\/uploads\/32244178_10155200244607234_8170699638781771776_n-1-300x193.jpg 300w, http:\/\/www.eft-norikotrost.at\/wp-content\/uploads\/32244178_10155200244607234_8170699638781771776_n-1.jpg 509w\" sizes=\"(max-width: 300px) 100vw, 300px\" \/><\/a><\/p>\n<pre><span style=\"font-size: 12pt; font-family: georgia, palatino, serif;\"><strong>Meine Ballettausbildung:<\/strong><\/span>\n\n<span style=\"font-size: 12pt; font-family: georgia, palatino, serif;\">-Eiko Yamanaka Ballettschule , Japan<\/span>\n\n<span style=\"font-size: 12pt; font-family: georgia, palatino, serif;\">-Asami Maki Ballettschule , Japan<\/span>\n\n<span style=\"font-size: 12pt; font-family: georgia, palatino, serif;\">-Royal Winnipeg Ballettschule, Kanada<\/span>\n\n<span style=\"font-size: 12pt; font-family: georgia, palatino, serif;\">-Ecole Superieure de Ballett de Quebec, Kanada<\/span><\/pre>\n<p><a href=\"http:\/\/www.eft-norikotrost.at\/wordpress\/wp-content\/uploads\/image010.jpg\"><img loading=\"lazy\" decoding=\"async\" class=\"alignnone wp-image-957 size-medium\" src=\"http:\/\/www.eft-norikotrost.at\/wordpress\/wp-content\/uploads\/image010-300x274.jpg\" alt=\"\" width=\"300\" height=\"274\" srcset=\"http:\/\/www.eft-norikotrost.at\/wp-content\/uploads\/image010-300x274.jpg 300w, http:\/\/www.eft-norikotrost.at\/wp-content\/uploads\/image010-510x465.jpg 510w, http:\/\/www.eft-norikotrost.at\/wp-content\/uploads\/image010.jpg 604w\" sizes=\"(max-width: 300px) 100vw, 300px\" \/><\/a><\/p>\n<p align=\"LEFT\"><span style=\"color: #000000;\"><span style=\"font-family: Meiryo;\"><span style=\"font-size: medium;\"><b>\u00a9 Irmgard Gruber<\/b><\/span><\/span><\/span><\/p>\n<p><span style=\"font-family: georgia, palatino;\">Lebenslauf<\/span><\/p>\n<p><span style=\"color: #10100f; font-size: large;\"><span style=\"font-family: Times-Roman, serif;\">(1989-1997) Mitglied der Ballettkompanie des Nieders\u00e4chsischen Staatstheaters Hannover. Nach 4 Jahren tanzte ich dort Hauptrollen wie zum Beispiel Undine, die Julia in Romeo und Julia oder Prinzessin Aurora in Dornr\u00f6schen. Aufgrund einer Verletzung mu\u00dfte ich dann meine Karriere als T\u00e4nzerin beenden.<\/span><\/span><\/p>\n<p><span style=\"font-family: Georgia, serif; font-size: large;\"><span style=\"color: #10100f;\"><span style=\"font-family: Times-Roman, serif;\">Seit ich 4 Jahre alt war, tr\u00e4umte ich davon eine Ballerina zu werden. Leider hatte ich daf\u00fcr nicht den richtigen K\u00f6rperbau und deshalb war es alles andere als leicht. Viele meiner Lehrer rieten mir dazu aufzuh\u00f6ren. Ich f\u00fchlte mich wie ein Versager. Entt\u00e4uschung, Traurigkeit und Neid waren meine st\u00e4ndigen Begleiter. Aber in all der Zeit war mein Vater praktisch mein Mentaltrainer. Er war nebenbei Fu\u00dfballtrainer in einem Fu\u00dfballclub f\u00fcr Jugendliche und wu\u00dfte, wie man Menschen motiviert. Er zeigte mir schon sehr fr\u00fch, da\u00df es einen positiven Effekt hat, wenn man zu sich spricht.Au\u00dfer meinem Vater gab es nat\u00fcrlich auch noch viele andere Menschen, die mir geholfen haben und mir mit gutem Rat zur Seite gestanden haben. Ich bin mir sicher, da\u00df es Menschen gibt, die meine Hilfe brauchen k\u00f6nnen, und diese m\u00f6chte ich gerne unterst\u00fctzen. Das ist meine Vision.<\/span><\/span><\/span><\/p>\n<p><span style=\"color: #10100f; font-size: large;\"><span style=\"font-family: Times-Roman, serif;\">Ich bin sicher, da\u00df auch Sie Ihren Weg finden werden !<\/span><\/span><\/p>\n<p><iframe loading=\"lazy\" title=\"Stage fright?- EFT Tapping for stage performers!\" width=\"1020\" height=\"574\" src=\"https:\/\/www.youtube.com\/embed\/awBFfqtk7-M?feature=oembed\" frameborder=\"0\" allow=\"accelerometer; autoplay; clipboard-write; encrypted-media; gyroscope; picture-in-picture; web-share\" referrerpolicy=\"strict-origin-when-cross-origin\" allowfullscreen><\/iframe><\/p>\n<p><a href=\"http:\/\/www.eft-norikotrost.at\/wordpress\/wp-content\/uploads\/IMG_0480.jpg\"><img loading=\"lazy\" decoding=\"async\" class=\"alignnone wp-image-691 size-medium\" src=\"http:\/\/www.eft-norikotrost.at\/wordpress\/wp-content\/uploads\/IMG_0480-300x214.jpg\" alt=\"\" width=\"300\" height=\"214\" srcset=\"http:\/\/www.eft-norikotrost.at\/wp-content\/uploads\/IMG_0480-300x214.jpg 300w, http:\/\/www.eft-norikotrost.at\/wp-content\/uploads\/IMG_0480-768x549.jpg 768w, http:\/\/www.eft-norikotrost.at\/wp-content\/uploads\/IMG_0480-510x364.jpg 510w, http:\/\/www.eft-norikotrost.at\/wp-content\/uploads\/IMG_0480.jpg 1260w\" sizes=\"(max-width: 300px) 100vw, 300px\" \/><\/a><\/p>\n","protected":false},"excerpt":{"rendered":"<p>Ehemalige Mental\u00a0Coach- Universit\u00e4t f\u00fcr Musik und darstellende Kunst Wien Gesang Ehemalige Solot\u00e4nzerin der Ballettkompanie des Nieders\u00e4chsischen Staatstheaters Hannover The Japanese Psychological Association certified Psychologist Certified Coach Certified Advanced EFT Practitioner Dipl. Mentaltrainer Certified expert in Sportpsychology Bachelor degree in faculty of Psychology at Musashino University Meine Ballettausbildung: -Eiko Yamanaka Ballettschule , Japan -Asami Maki Ballettschule &hellip; <\/p>\n","protected":false},"author":1,"featured_media":0,"parent":0,"menu_order":0,"comment_status":"closed","ping_status":"closed","template":"","meta":{"_themeisle_gutenberg_block_has_review":false,"footnotes":""},"aioseo_notices":[],"_links":{"self":[{"href":"http:\/\/www.eft-norikotrost.at\/index.php?rest_route=\/wp\/v2\/pages\/16"}],"collection":[{"href":"http:\/\/www.eft-norikotrost.at\/index.php?rest_route=\/wp\/v2\/pages"}],"about":[{"href":"http:\/\/www.eft-norikotrost.at\/index.php?rest_route=\/wp\/v2\/types\/page"}],"author":[{"embeddable":true,"href":"http:\/\/www.eft-norikotrost.at\/index.php?rest_route=\/wp\/v2\/users\/1"}],"replies":[{"embeddable":true,"href":"http:\/\/www.eft-norikotrost.at\/index.php?rest_route=%2Fwp%2Fv2%2Fcomments&post=16"}],"version-history":[{"count":199,"href":"http:\/\/www.eft-norikotrost.at\/index.php?rest_route=\/wp\/v2\/pages\/16\/revisions"}],"predecessor-version":[{"id":1862,"href":"http:\/\/www.eft-norikotrost.at\/index.php?rest_route=\/wp\/v2\/pages\/16\/revisions\/1862"}],"wp:attachment":[{"href":"http:\/\/www.eft-norikotrost.at\/index.php?rest_route=%2Fwp%2Fv2%2Fmedia&parent=16"}],"curies":[{"name":"wp","href":"https:\/\/api.w.org\/{rel}","templated":true}]}}