{"id":35,"date":"2013-10-08T11:32:04","date_gmt":"2013-10-08T09:32:04","guid":{"rendered":"http:\/\/www.eft-norikotrost.at\/wordpress\/?page_id=35"},"modified":"2025-01-27T15:01:06","modified_gmt":"2025-01-27T13:01:06","slug":"eft","status":"publish","type":"page","link":"http:\/\/www.eft-norikotrost.at\/?page_id=35","title":{"rendered":"Was ist EFT ?"},"content":{"rendered":"<p><a href=\"http:\/\/www.eft-norikotrost.at\/wordpress\/wp-content\/uploads\/baden-eft-worshop-mama.jpg\"><img loading=\"lazy\" decoding=\"async\" class=\"alignnone size-medium wp-image-1013\" src=\"http:\/\/www.eft-norikotrost.at\/wordpress\/wp-content\/uploads\/baden-eft-worshop-mama-207x300.jpg\" alt=\"\" width=\"207\" height=\"300\" srcset=\"http:\/\/www.eft-norikotrost.at\/wp-content\/uploads\/baden-eft-worshop-mama-207x300.jpg 207w, http:\/\/www.eft-norikotrost.at\/wp-content\/uploads\/baden-eft-worshop-mama-768x1112.jpg 768w, http:\/\/www.eft-norikotrost.at\/wp-content\/uploads\/baden-eft-worshop-mama-510x739.jpg 510w, http:\/\/www.eft-norikotrost.at\/wp-content\/uploads\/baden-eft-worshop-mama.jpg 1553w\" sizes=\"(max-width: 207px) 100vw, 207px\" \/><\/a><\/p>\n<p><!--:de--><span style=\"color: #10100f; font-size: large; font-family: georgia, palatino;\">EFT (Emotional Freedom Technique) ist eine leicht zu erlernende Klopftechnik um Stress bzw. <\/span><span style=\"color: #10100f; font-size: large; font-family: georgia, palatino;\">die durch Stress eventuell ausgel\u00f6sten Schmerzen abzubauen.<\/span><\/p>\n<p><span style=\"color: #10100f; font-size: large; font-family: georgia, palatino;\">W\u00e4hrend der Sitzungen erlernen Sie automatisch, diese Technik, die Sie dann auch selbst anwenden k\u00f6nnen.<\/span><\/p>\n<p><span style=\"font-size: large; font-family: georgia, palatino;\"><span style=\"color: #10100f;\">EFT wurde von Gary Craig auf der Basis von \u201eDer Ursprung aller negativen Emotionen h\u00e4ngt mit dem Energiesystem zusammen\u201c entwickelt, die von Dr. Roger Callahan stammt. Callahan ist der Begr\u00fcnder von TFT (Thought Field Therapy).<\/span><\/span><\/p>\n<p><strong><a href=\"https:\/\/eftuniverse.com\">&#x1f449;Mehr Informationen \u00fcber EFT<\/a><\/strong><\/p>\n<p><span style=\"text-decoration: underline; font-family: georgia, palatino; background-color: #ffffff; color: #0000ff;\"><span style=\"font-size: large; background-color: #ffffff;\"><b>\u00a0<\/b><\/span><\/span><\/p>\n<p><!--:--><\/p>\n","protected":false},"excerpt":{"rendered":"<p>EFT (Emotional Freedom Technique) ist eine leicht zu erlernende Klopftechnik um Stress bzw. die durch Stress eventuell ausgel\u00f6sten Schmerzen abzubauen. W\u00e4hrend der Sitzungen erlernen Sie automatisch, diese Technik, die Sie dann auch selbst anwenden k\u00f6nnen. EFT wurde von Gary Craig auf der Basis von \u201eDer Ursprung aller negativen Emotionen h\u00e4ngt mit dem Energiesystem zusammen\u201c entwickelt, &hellip; <\/p>\n","protected":false},"author":1,"featured_media":0,"parent":0,"menu_order":0,"comment_status":"closed","ping_status":"closed","template":"","meta":{"_themeisle_gutenberg_block_has_review":false,"footnotes":""},"aioseo_notices":[],"_links":{"self":[{"href":"http:\/\/www.eft-norikotrost.at\/index.php?rest_route=\/wp\/v2\/pages\/35"}],"collection":[{"href":"http:\/\/www.eft-norikotrost.at\/index.php?rest_route=\/wp\/v2\/pages"}],"about":[{"href":"http:\/\/www.eft-norikotrost.at\/index.php?rest_route=\/wp\/v2\/types\/page"}],"author":[{"embeddable":true,"href":"http:\/\/www.eft-norikotrost.at\/index.php?rest_route=\/wp\/v2\/users\/1"}],"replies":[{"embeddable":true,"href":"http:\/\/www.eft-norikotrost.at\/index.php?rest_route=%2Fwp%2Fv2%2Fcomments&post=35"}],"version-history":[{"count":48,"href":"http:\/\/www.eft-norikotrost.at\/index.php?rest_route=\/wp\/v2\/pages\/35\/revisions"}],"predecessor-version":[{"id":1872,"href":"http:\/\/www.eft-norikotrost.at\/index.php?rest_route=\/wp\/v2\/pages\/35\/revisions\/1872"}],"wp:attachment":[{"href":"http:\/\/www.eft-norikotrost.at\/index.php?rest_route=%2Fwp%2Fv2%2Fmedia&parent=35"}],"curies":[{"name":"wp","href":"https:\/\/api.w.org\/{rel}","templated":true}]}}