{"id":70,"date":"2013-10-08T11:51:53","date_gmt":"2013-10-08T09:51:53","guid":{"rendered":"http:\/\/www.eft-norikotrost.at\/wordpress\/?page_id=70"},"modified":"2021-08-16T09:44:28","modified_gmt":"2021-08-16T07:44:28","slug":"sportmen","status":"publish","type":"page","link":"http:\/\/www.eft-norikotrost.at\/?page_id=70","title":{"rendered":"Sportler"},"content":{"rendered":"<p><!--:de--><br \/>\n<!--:de--><br \/>\nWollen Sie Ihr F\u00e4higkeiten zeigen?<\/p>\n<p>Wollen Sie die Qualit\u00e4t des t\u00e4glichen Training Verbessern?<\/p>\n<p>In meiner Sitzung lernen Sie unangenehmes Gef\u00fchl oder Beschwerden zu befreien mit EFT Klopftechnik und wir werden wichtige F\u00e4higkeiten \u00fcben um Ihre &#8222;Performing Attitude&#8220; zu verbessern.<br \/>\n(Mentaltraining basiert auf Sportpsychologie.)<\/p>\n<p>Kombination mit Klopftechnique wirkt sehr schnell und gut f\u00fcr Lampenfieber.<\/p>\n<p>Also, lassen Sie uns anfangen!<\/p>\n<p><a href=\"http:\/\/www.eft-norikotrost.at\/wordpress\/wp-content\/uploads\/1379668_10151650250727234_938571530_n.jpg\"><img loading=\"lazy\" decoding=\"async\" class=\"alignnone size-medium wp-image-1030\" src=\"http:\/\/www.eft-norikotrost.at\/wordpress\/wp-content\/uploads\/1379668_10151650250727234_938571530_n-221x300.jpg\" alt=\"\" width=\"221\" height=\"300\" srcset=\"http:\/\/www.eft-norikotrost.at\/wp-content\/uploads\/1379668_10151650250727234_938571530_n-221x300.jpg 221w, http:\/\/www.eft-norikotrost.at\/wp-content\/uploads\/1379668_10151650250727234_938571530_n-510x692.jpg 510w, http:\/\/www.eft-norikotrost.at\/wp-content\/uploads\/1379668_10151650250727234_938571530_n.jpg 708w\" sizes=\"(max-width: 221px) 100vw, 221px\" \/><\/a><\/p>\n","protected":false},"excerpt":{"rendered":"<p>Wollen Sie Ihr F\u00e4higkeiten zeigen? Wollen Sie die Qualit\u00e4t des t\u00e4glichen Training Verbessern? In meiner Sitzung lernen Sie unangenehmes Gef\u00fchl oder Beschwerden zu befreien mit EFT Klopftechnik und wir werden wichtige F\u00e4higkeiten \u00fcben um Ihre &#8222;Performing Attitude&#8220; zu verbessern. (Mentaltraining basiert auf Sportpsychologie.) Kombination mit Klopftechnique wirkt sehr schnell und gut f\u00fcr Lampenfieber. Also, lassen &hellip; <\/p>\n","protected":false},"author":1,"featured_media":0,"parent":18,"menu_order":2,"comment_status":"closed","ping_status":"closed","template":"","meta":{"_themeisle_gutenberg_block_has_review":false,"footnotes":""},"aioseo_notices":[],"_links":{"self":[{"href":"http:\/\/www.eft-norikotrost.at\/index.php?rest_route=\/wp\/v2\/pages\/70"}],"collection":[{"href":"http:\/\/www.eft-norikotrost.at\/index.php?rest_route=\/wp\/v2\/pages"}],"about":[{"href":"http:\/\/www.eft-norikotrost.at\/index.php?rest_route=\/wp\/v2\/types\/page"}],"author":[{"embeddable":true,"href":"http:\/\/www.eft-norikotrost.at\/index.php?rest_route=\/wp\/v2\/users\/1"}],"replies":[{"embeddable":true,"href":"http:\/\/www.eft-norikotrost.at\/index.php?rest_route=%2Fwp%2Fv2%2Fcomments&post=70"}],"version-history":[{"count":33,"href":"http:\/\/www.eft-norikotrost.at\/index.php?rest_route=\/wp\/v2\/pages\/70\/revisions"}],"predecessor-version":[{"id":1291,"href":"http:\/\/www.eft-norikotrost.at\/index.php?rest_route=\/wp\/v2\/pages\/70\/revisions\/1291"}],"up":[{"embeddable":true,"href":"http:\/\/www.eft-norikotrost.at\/index.php?rest_route=\/wp\/v2\/pages\/18"}],"wp:attachment":[{"href":"http:\/\/www.eft-norikotrost.at\/index.php?rest_route=%2Fwp%2Fv2%2Fmedia&parent=70"}],"curies":[{"name":"wp","href":"https:\/\/api.w.org\/{rel}","templated":true}]}}