{"id":72,"date":"2013-10-08T11:51:40","date_gmt":"2013-10-08T09:51:40","guid":{"rendered":"http:\/\/www.eft-norikotrost.at\/wordpress\/?page_id=72"},"modified":"2021-08-23T11:06:04","modified_gmt":"2021-08-23T09:06:04","slug":"children","status":"publish","type":"page","link":"http:\/\/www.eft-norikotrost.at\/?page_id=72","title":{"rendered":"Kinder"},"content":{"rendered":"<p><a href=\"http:\/\/www.eft-norikotrost.at\/wp-content\/uploads\/IMG_20180417_093313_resized_20180417_013905451.jpg\"><img loading=\"lazy\" decoding=\"async\" class=\"alignnone size-medium wp-image-1014\" src=\"http:\/\/www.eft-norikotrost.at\/wp-content\/uploads\/IMG_20180417_093313_resized_20180417_013905451-202x300.jpg\" alt=\"\" width=\"202\" height=\"300\" srcset=\"http:\/\/www.eft-norikotrost.at\/wp-content\/uploads\/IMG_20180417_093313_resized_20180417_013905451-202x300.jpg 202w, http:\/\/www.eft-norikotrost.at\/wp-content\/uploads\/IMG_20180417_093313_resized_20180417_013905451-768x1143.jpg 768w, http:\/\/www.eft-norikotrost.at\/wp-content\/uploads\/IMG_20180417_093313_resized_20180417_013905451-510x759.jpg 510w, http:\/\/www.eft-norikotrost.at\/wp-content\/uploads\/IMG_20180417_093313_resized_20180417_013905451.jpg 1582w\" sizes=\"(max-width: 202px) 100vw, 202px\" \/><\/a><\/p>\n<p><!--:de--><span style=\"color: #10100f; font-size: large; font-family: georgia, palatino;\">Kinder sind sehr sensibel. Dinge, die Kinder fr\u00fch in Ihrer Entwicklung erleben oder h\u00f6ren pr\u00e4gen sich stark ein, <span style=\"color: #ff00ff;\">auch wenn sie falsch sind<\/span>. Sp\u00e4ter als Erwachsene haben sich diese Bilder im Unterbewusstsein verfestigt und k\u00f6nnen uns daran hindern, die notwendigen Schritte zu machen um unsere Ziele zu erreichen.<\/span><\/p>\n<ul>\n<li><span style=\"color: #10100f; font-family: georgia, palatino; font-size: large;\">Zorn<\/span><\/li>\n<li><span style=\"font-family: georgia, palatino; color: #10100f; font-size: large;\">Angst<\/span><\/li>\n<li><span style=\"font-family: georgia, palatino; color: #10100f; font-size: large;\">Schuldgef\u00fchle<\/span><\/li>\n<li><span style=\"font-family: georgia, palatino; color: #10100f; font-size: large;\">Sorgen<\/span><\/li>\n<\/ul>\n<p><!--:--><\/p>\n","protected":false},"excerpt":{"rendered":"<p>Kinder sind sehr sensibel. Dinge, die Kinder fr\u00fch in Ihrer Entwicklung erleben oder h\u00f6ren pr\u00e4gen sich stark ein, auch wenn sie falsch sind. Sp\u00e4ter als Erwachsene haben sich diese Bilder im Unterbewusstsein verfestigt und k\u00f6nnen uns daran hindern, die notwendigen Schritte zu machen um unsere Ziele zu erreichen. Zorn Angst Schuldgef\u00fchle Sorgen<\/p>\n","protected":false},"author":1,"featured_media":0,"parent":18,"menu_order":4,"comment_status":"closed","ping_status":"closed","template":"","meta":{"_themeisle_gutenberg_block_has_review":false,"footnotes":""},"aioseo_notices":[],"_links":{"self":[{"href":"http:\/\/www.eft-norikotrost.at\/index.php?rest_route=\/wp\/v2\/pages\/72"}],"collection":[{"href":"http:\/\/www.eft-norikotrost.at\/index.php?rest_route=\/wp\/v2\/pages"}],"about":[{"href":"http:\/\/www.eft-norikotrost.at\/index.php?rest_route=\/wp\/v2\/types\/page"}],"author":[{"embeddable":true,"href":"http:\/\/www.eft-norikotrost.at\/index.php?rest_route=\/wp\/v2\/users\/1"}],"replies":[{"embeddable":true,"href":"http:\/\/www.eft-norikotrost.at\/index.php?rest_route=%2Fwp%2Fv2%2Fcomments&post=72"}],"version-history":[{"count":29,"href":"http:\/\/www.eft-norikotrost.at\/index.php?rest_route=\/wp\/v2\/pages\/72\/revisions"}],"predecessor-version":[{"id":1513,"href":"http:\/\/www.eft-norikotrost.at\/index.php?rest_route=\/wp\/v2\/pages\/72\/revisions\/1513"}],"up":[{"embeddable":true,"href":"http:\/\/www.eft-norikotrost.at\/index.php?rest_route=\/wp\/v2\/pages\/18"}],"wp:attachment":[{"href":"http:\/\/www.eft-norikotrost.at\/index.php?rest_route=%2Fwp%2Fv2%2Fmedia&parent=72"}],"curies":[{"name":"wp","href":"https:\/\/api.w.org\/{rel}","templated":true}]}}