{"id":74,"date":"2013-10-08T11:37:55","date_gmt":"2013-10-08T09:37:55","guid":{"rendered":"http:\/\/www.eft-norikotrost.at\/wordpress\/?page_id=74"},"modified":"2021-08-23T11:08:11","modified_gmt":"2021-08-23T09:08:11","slug":"women","status":"publish","type":"page","link":"http:\/\/www.eft-norikotrost.at\/?page_id=74","title":{"rendered":"Frauen"},"content":{"rendered":"<p><a href=\"http:\/\/www.eft-norikotrost.at\/wp-content\/uploads\/noriko1.jpg\"><img loading=\"lazy\" decoding=\"async\" class=\"alignnone size-medium wp-image-994\" src=\"http:\/\/www.eft-norikotrost.at\/wp-content\/uploads\/noriko1-200x300.jpg\" alt=\"\" width=\"200\" height=\"300\" srcset=\"http:\/\/www.eft-norikotrost.at\/wp-content\/uploads\/noriko1-200x300.jpg 200w, http:\/\/www.eft-norikotrost.at\/wp-content\/uploads\/noriko1-510x764.jpg 510w, http:\/\/www.eft-norikotrost.at\/wp-content\/uploads\/noriko1.jpg 556w\" sizes=\"(max-width: 200px) 100vw, 200px\" \/><\/a><\/p>\n<p><!--:de--><span style=\"font-size: large; font-family: georgia, palatino;\"><span style=\"color: #10100f;\">Hormonschwankungen und Erfahrungen, die speziell Frauen Probleme bereiten k\u00f6nnen. Wie zum Beispiel Schwangerschaft, Geburt eines Kindes, Kinderbetreuung. Bei Frauen treten Depressionen h\u00e4ufiger auf als bei M\u00e4nnern. Wir werden Sorgen abbauen und Schmerzen lindern, die durch mentalen Stress verursacht werden.<\/span><\/span><!--:--><\/p>\n","protected":false},"excerpt":{"rendered":"<p>Hormonschwankungen und Erfahrungen, die speziell Frauen Probleme bereiten k\u00f6nnen. Wie zum Beispiel Schwangerschaft, Geburt eines Kindes, Kinderbetreuung. Bei Frauen treten Depressionen h\u00e4ufiger auf als bei M\u00e4nnern. Wir werden Sorgen abbauen und Schmerzen lindern, die durch mentalen Stress verursacht werden.<\/p>\n","protected":false},"author":1,"featured_media":0,"parent":18,"menu_order":5,"comment_status":"closed","ping_status":"closed","template":"","meta":{"_themeisle_gutenberg_block_has_review":false,"footnotes":""},"aioseo_notices":[],"_links":{"self":[{"href":"http:\/\/www.eft-norikotrost.at\/index.php?rest_route=\/wp\/v2\/pages\/74"}],"collection":[{"href":"http:\/\/www.eft-norikotrost.at\/index.php?rest_route=\/wp\/v2\/pages"}],"about":[{"href":"http:\/\/www.eft-norikotrost.at\/index.php?rest_route=\/wp\/v2\/types\/page"}],"author":[{"embeddable":true,"href":"http:\/\/www.eft-norikotrost.at\/index.php?rest_route=\/wp\/v2\/users\/1"}],"replies":[{"embeddable":true,"href":"http:\/\/www.eft-norikotrost.at\/index.php?rest_route=%2Fwp%2Fv2%2Fcomments&post=74"}],"version-history":[{"count":21,"href":"http:\/\/www.eft-norikotrost.at\/index.php?rest_route=\/wp\/v2\/pages\/74\/revisions"}],"predecessor-version":[{"id":1518,"href":"http:\/\/www.eft-norikotrost.at\/index.php?rest_route=\/wp\/v2\/pages\/74\/revisions\/1518"}],"up":[{"embeddable":true,"href":"http:\/\/www.eft-norikotrost.at\/index.php?rest_route=\/wp\/v2\/pages\/18"}],"wp:attachment":[{"href":"http:\/\/www.eft-norikotrost.at\/index.php?rest_route=%2Fwp%2Fv2%2Fmedia&parent=74"}],"curies":[{"name":"wp","href":"https:\/\/api.w.org\/{rel}","templated":true}]}}