{"id":77,"date":"2013-10-08T11:38:14","date_gmt":"2013-10-08T09:38:14","guid":{"rendered":"http:\/\/www.eft-norikotrost.at\/wordpress\/?page_id=77"},"modified":"2021-08-23T11:09:54","modified_gmt":"2021-08-23T09:09:54","slug":"business","status":"publish","type":"page","link":"http:\/\/www.eft-norikotrost.at\/?page_id=77","title":{"rendered":"Gesch\u00e4ftsleben"},"content":{"rendered":"<ul>\n<li>Viele Gesch\u00e4ftsleute f\u00fchlen Druck durch Verantwortung und die Verh\u00e4ltnisse am Arbeitsplatz bzw. das Arbeitsverh\u00e4ltnis unter Kollegen.\n<ul>\n<li><span class=\"Apple-style-span\">Selbstbewusstsein bei \u00f6ffentlichen Auftritten<\/span><\/li>\n<li><span class=\"Apple-style-span\">Klare Zielsetzung und arbeiten mit voller Energie<\/span><\/li>\n<li><span class=\"Apple-style-span\">Stressabbau<\/span><\/li>\n<li><span class=\"Apple-style-span\">Schlafst\u00f6rungen beseitigen<\/span><\/li>\n<\/ul>\n<\/li>\n<li><a href=\"http:\/\/www.eft-norikotrost.at\/wp-content\/uploads\/noriko.jpg\"><img loading=\"lazy\" decoding=\"async\" class=\"alignnone size-medium wp-image-990\" src=\"http:\/\/www.eft-norikotrost.at\/wp-content\/uploads\/noriko-200x300.jpg\" alt=\"\" width=\"200\" height=\"300\" srcset=\"http:\/\/www.eft-norikotrost.at\/wp-content\/uploads\/noriko-200x300.jpg 200w, http:\/\/www.eft-norikotrost.at\/wp-content\/uploads\/noriko.jpg 421w\" sizes=\"(max-width: 200px) 100vw, 200px\" \/><\/a><\/li>\n<\/ul>\n<p><!--:--><\/p>\n","protected":false},"excerpt":{"rendered":"<p>Viele Gesch\u00e4ftsleute f\u00fchlen Druck durch Verantwortung und die Verh\u00e4ltnisse am Arbeitsplatz bzw. das Arbeitsverh\u00e4ltnis unter Kollegen. Selbstbewusstsein bei \u00f6ffentlichen Auftritten Klare Zielsetzung und arbeiten mit voller Energie Stressabbau Schlafst\u00f6rungen beseitigen<\/p>\n","protected":false},"author":1,"featured_media":0,"parent":18,"menu_order":6,"comment_status":"closed","ping_status":"closed","template":"","meta":{"_themeisle_gutenberg_block_has_review":false,"footnotes":""},"aioseo_notices":[],"_links":{"self":[{"href":"http:\/\/www.eft-norikotrost.at\/index.php?rest_route=\/wp\/v2\/pages\/77"}],"collection":[{"href":"http:\/\/www.eft-norikotrost.at\/index.php?rest_route=\/wp\/v2\/pages"}],"about":[{"href":"http:\/\/www.eft-norikotrost.at\/index.php?rest_route=\/wp\/v2\/types\/page"}],"author":[{"embeddable":true,"href":"http:\/\/www.eft-norikotrost.at\/index.php?rest_route=\/wp\/v2\/users\/1"}],"replies":[{"embeddable":true,"href":"http:\/\/www.eft-norikotrost.at\/index.php?rest_route=%2Fwp%2Fv2%2Fcomments&post=77"}],"version-history":[{"count":24,"href":"http:\/\/www.eft-norikotrost.at\/index.php?rest_route=\/wp\/v2\/pages\/77\/revisions"}],"predecessor-version":[{"id":1521,"href":"http:\/\/www.eft-norikotrost.at\/index.php?rest_route=\/wp\/v2\/pages\/77\/revisions\/1521"}],"up":[{"embeddable":true,"href":"http:\/\/www.eft-norikotrost.at\/index.php?rest_route=\/wp\/v2\/pages\/18"}],"wp:attachment":[{"href":"http:\/\/www.eft-norikotrost.at\/index.php?rest_route=%2Fwp%2Fv2%2Fmedia&parent=77"}],"curies":[{"name":"wp","href":"https:\/\/api.w.org\/{rel}","templated":true}]}}