{"id":80,"date":"2013-10-08T11:38:27","date_gmt":"2013-10-08T09:38:27","guid":{"rendered":"http:\/\/www.eft-norikotrost.at\/wordpress\/?page_id=80"},"modified":"2021-08-23T10:35:54","modified_gmt":"2021-08-23T08:35:54","slug":"health","status":"publish","type":"page","link":"http:\/\/www.eft-norikotrost.at\/?page_id=80","title":{"rendered":"Gesundheit"},"content":{"rendered":"<p><!--:de--><span style=\"color: #10100f; font-size: large; font-family: georgia, palatino;\">Durch Stressabbau kann man die Selbstheilungskraft des eigenen K\u00f6rpers aktivieren.<\/span><\/p>\n<ul>\n<li><span class=\"Apple-style-span\" style=\"font-size: large; font-family: georgia, palatino;\">Mentale Unterst\u00fctzung w\u00e4hrend einer Behandlung<\/span><\/li>\n<li><span class=\"Apple-style-span\" style=\"font-size: large; font-family: georgia, palatino;\">Unterst\u00fctzung bei Behandlung von Abh\u00e4ngigkeiten<\/span><\/li>\n<li>\u00a0<\/li>\n<\/ul>\n<p><!--:--><\/p>\n\n\n<figure class=\"wp-block-image\"><img loading=\"lazy\" decoding=\"async\" width=\"510\" height=\"506\" src=\"http:\/\/www.eft-norikotrost.at\/wordpress\/wp-content\/uploads\/IMG_4630-510x506.jpg\" alt=\"\" class=\"wp-image-1028\" srcset=\"http:\/\/www.eft-norikotrost.at\/wp-content\/uploads\/IMG_4630-510x506.jpg 510w, http:\/\/www.eft-norikotrost.at\/wp-content\/uploads\/IMG_4630-150x150.jpg 150w, http:\/\/www.eft-norikotrost.at\/wp-content\/uploads\/IMG_4630-300x298.jpg 300w, http:\/\/www.eft-norikotrost.at\/wp-content\/uploads\/IMG_4630-768x762.jpg 768w, http:\/\/www.eft-norikotrost.at\/wp-content\/uploads\/IMG_4630-144x144.jpg 144w, http:\/\/www.eft-norikotrost.at\/wp-content\/uploads\/IMG_4630.jpg 1399w\" sizes=\"(max-width: 510px) 100vw, 510px\" \/><\/figure>\n","protected":false},"excerpt":{"rendered":"<p>Durch Stressabbau kann man die Selbstheilungskraft des eigenen K\u00f6rpers aktivieren. Mentale Unterst\u00fctzung w\u00e4hrend einer Behandlung Unterst\u00fctzung bei Behandlung von Abh\u00e4ngigkeiten \u00a0<\/p>\n","protected":false},"author":1,"featured_media":0,"parent":18,"menu_order":3,"comment_status":"closed","ping_status":"closed","template":"","meta":{"_themeisle_gutenberg_block_has_review":false,"footnotes":""},"aioseo_notices":[],"_links":{"self":[{"href":"http:\/\/www.eft-norikotrost.at\/index.php?rest_route=\/wp\/v2\/pages\/80"}],"collection":[{"href":"http:\/\/www.eft-norikotrost.at\/index.php?rest_route=\/wp\/v2\/pages"}],"about":[{"href":"http:\/\/www.eft-norikotrost.at\/index.php?rest_route=\/wp\/v2\/types\/page"}],"author":[{"embeddable":true,"href":"http:\/\/www.eft-norikotrost.at\/index.php?rest_route=\/wp\/v2\/users\/1"}],"replies":[{"embeddable":true,"href":"http:\/\/www.eft-norikotrost.at\/index.php?rest_route=%2Fwp%2Fv2%2Fcomments&post=80"}],"version-history":[{"count":27,"href":"http:\/\/www.eft-norikotrost.at\/index.php?rest_route=\/wp\/v2\/pages\/80\/revisions"}],"predecessor-version":[{"id":1509,"href":"http:\/\/www.eft-norikotrost.at\/index.php?rest_route=\/wp\/v2\/pages\/80\/revisions\/1509"}],"up":[{"embeddable":true,"href":"http:\/\/www.eft-norikotrost.at\/index.php?rest_route=\/wp\/v2\/pages\/18"}],"wp:attachment":[{"href":"http:\/\/www.eft-norikotrost.at\/index.php?rest_route=%2Fwp%2Fv2%2Fmedia&parent=80"}],"curies":[{"name":"wp","href":"https:\/\/api.w.org\/{rel}","templated":true}]}}